{"id":5112,"date":"2020-03-02T16:36:19","date_gmt":"2020-03-02T21:36:19","guid":{"rendered":"https:\/\/www.armodec.com\/accueil-2\/"},"modified":"2024-07-03T15:33:38","modified_gmt":"2024-07-03T19:33:38","slug":"accueil-2","status":"publish","type":"page","link":"https:\/\/www.armodec.com\/en\/","title":{"rendered":"accueil 2"},"content":{"rendered":"","protected":false},"excerpt":{"rendered":"","protected":false},"author":2,"featured_media":0,"parent":0,"menu_order":8,"comment_status":"closed","ping_status":"closed","template":"page-templates\/index-2024.php","meta":{"footnotes":""},"class_list":["post-5112","page","type-page","status-publish"],"yoast_head":"<!-- This site is optimized with the Yoast SEO plugin v27.1.1 - https:\/\/yoast.com\/product\/yoast-seo-wordpress\/ -->\n<title>Kitchen and Bathroom cabinets &amp; countertops | Armodec Kitchen Designer<\/title>\n<meta name=\"description\" content=\"Get the kitchen of your dreams with Armodec! We are custom kitchen and bathroom cabinets manufacturers based in Laval. Our kitchen designers will help you to design the perfect kitchen! Contact us!\" \/>\n<meta name=\"robots\" content=\"index, follow, max-snippet:-1, max-image-preview:large, max-video-preview:-1\" \/>\n<link rel=\"canonical\" href=\"https:\/\/www.armodec.com\/en\/\" \/>\n<meta property=\"og:locale\" content=\"en_US\" \/>\n<meta property=\"og:type\" content=\"article\" \/>\n<meta property=\"og:title\" content=\"Armodec - Chef cuisiniste depuis plus de 30 ans. Cuisine, salle de bains et mobilier int\u00e9gr\u00e9\" \/>\n<meta property=\"og:description\" content=\"Fabricant d&#039;armoires de cuisine et de salles de bain sur mesure situ\u00e9 Laval. Une \u00e9quipe de designers cuisinistes est pr\u00eate \u00e0 vous aider !\" \/>\n<meta property=\"og:url\" content=\"https:\/\/www.armodec.com\/en\/\" \/>\n<meta property=\"og:site_name\" content=\"Armodec\" \/>\n<meta property=\"article:publisher\" content=\"https:\/\/www.facebook.com\/armodec\" \/>\n<meta property=\"article:modified_time\" content=\"2024-07-03T19:33:38+00:00\" \/>\n<meta property=\"og:image\" content=\"https:\/\/www.armodec.com\/wp-content\/uploads\/slide03_1440x900.jpg\" \/>\n\t<meta property=\"og:image:width\" content=\"1440\" \/>\n\t<meta property=\"og:image:height\" content=\"900\" \/>\n\t<meta property=\"og:image:type\" content=\"image\/jpeg\" \/>\n<meta name=\"twitter:card\" content=\"summary_large_image\" \/>\n<!-- \/ Yoast SEO plugin. -->","yoast_head_json":{"title":"Kitchen and Bathroom cabinets & countertops | Armodec Kitchen Designer","description":"Get the kitchen of your dreams with Armodec! We are custom kitchen and bathroom cabinets manufacturers based in Laval. Our kitchen designers will help you to design the perfect kitchen! Contact us!","robots":{"index":"index","follow":"follow","max-snippet":"max-snippet:-1","max-image-preview":"max-image-preview:large","max-video-preview":"max-video-preview:-1"},"canonical":"https:\/\/www.armodec.com\/en\/","og_locale":"en_US","og_type":"article","og_title":"Armodec - Chef cuisiniste depuis plus de 30 ans. Cuisine, salle de bains et mobilier int\u00e9gr\u00e9","og_description":"Fabricant d'armoires de cuisine et de salles de bain sur mesure situ\u00e9 Laval. Une \u00e9quipe de designers cuisinistes est pr\u00eate \u00e0 vous aider !","og_url":"https:\/\/www.armodec.com\/en\/","og_site_name":"Armodec","article_publisher":"https:\/\/www.facebook.com\/armodec","article_modified_time":"2024-07-03T19:33:38+00:00","og_image":[{"width":1440,"height":900,"url":"https:\/\/www.armodec.com\/wp-content\/uploads\/slide03_1440x900.jpg","type":"image\/jpeg"}],"twitter_card":"summary_large_image","schema":{"@context":"https:\/\/schema.org","@graph":[{"@type":"WebPage","@id":"https:\/\/www.armodec.com\/en\/","url":"https:\/\/www.armodec.com\/en\/","name":"Kitchen and Bathroom cabinets & countertops | Armodec Kitchen Designer","isPartOf":{"@id":"https:\/\/www.armodec.com\/en\/#website"},"datePublished":"2020-03-02T21:36:19+00:00","dateModified":"2024-07-03T19:33:38+00:00","description":"Get the kitchen of your dreams with Armodec! We are custom kitchen and bathroom cabinets manufacturers based in Laval. Our kitchen designers will help you to design the perfect kitchen! Contact us!","breadcrumb":{"@id":"https:\/\/www.armodec.com\/en\/#breadcrumb"},"inLanguage":"en-US","potentialAction":[{"@type":"ReadAction","target":["https:\/\/www.armodec.com\/en\/"]}]},{"@type":"BreadcrumbList","@id":"https:\/\/www.armodec.com\/en\/#breadcrumb","itemListElement":[{"@type":"ListItem","position":1,"name":"Home","item":"https:\/\/www.armodec.com\/en\/accueil-2\/"},{"@type":"ListItem","position":2,"name":"accueil 2"}]},{"@type":"WebSite","@id":"https:\/\/www.armodec.com\/en\/#website","url":"https:\/\/www.armodec.com\/en\/","name":"Armodec","description":"Chef cuisiniste","potentialAction":[{"@type":"SearchAction","target":{"@type":"EntryPoint","urlTemplate":"https:\/\/www.armodec.com\/en\/?s={search_term_string}"},"query-input":{"@type":"PropertyValueSpecification","valueRequired":true,"valueName":"search_term_string"}}],"inLanguage":"en-US"}]}},"_links":{"self":[{"href":"https:\/\/www.armodec.com\/en\/wp-json\/wp\/v2\/pages\/5112","targetHints":{"allow":["GET"]}}],"collection":[{"href":"https:\/\/www.armodec.com\/en\/wp-json\/wp\/v2\/pages"}],"about":[{"href":"https:\/\/www.armodec.com\/en\/wp-json\/wp\/v2\/types\/page"}],"author":[{"embeddable":true,"href":"https:\/\/www.armodec.com\/en\/wp-json\/wp\/v2\/users\/2"}],"replies":[{"embeddable":true,"href":"https:\/\/www.armodec.com\/en\/wp-json\/wp\/v2\/comments?post=5112"}],"version-history":[{"count":0,"href":"https:\/\/www.armodec.com\/en\/wp-json\/wp\/v2\/pages\/5112\/revisions"}],"wp:attachment":[{"href":"https:\/\/www.armodec.com\/en\/wp-json\/wp\/v2\/media?parent=5112"}],"curies":[{"name":"wp","href":"https:\/\/api.w.org\/{rel}","templated":true}]}}