{"id":2680,"date":"2018-06-06T13:09:09","date_gmt":"2018-06-06T17:09:09","guid":{"rendered":"https:\/\/www.armodec.com\/en\/?page_id=2680"},"modified":"2024-02-12T11:16:58","modified_gmt":"2024-02-12T16:16:58","slug":"lea-larcheveque","status":"publish","type":"page","link":"https:\/\/www.armodec.com\/en\/kitchen-designer\/lea-larcheveque\/","title":{"rendered":"L\u00e9a L&#8217;Archev\u00eaque"},"content":{"rendered":"<p>L\u00e9a L&#8217;Archev\u00eaque, pour les contracteurs.<\/p>\n<p>Sp\u00e9cialis\u00e9 dans la collaboration avec les contracteurs, mon engagement dans la conception de cuisines sur mesure t\u00e9moigne de ma volont\u00e9 constante de d\u00e9passer les attentes. Mon objectif est de cr\u00e9er des exp\u00e9riences uniques pour chaque projet !<\/p>\n<p>T\u00e9l\u00e9phone : <a href=\"tel:450-661-5111\">450-661-5111<\/a><\/p>\n<p>Courriel: lea@armodec.com<\/p>\n","protected":false},"excerpt":{"rendered":"<p>L\u00e9a L&#8217;Archev\u00eaque, pour les contracteurs. Sp\u00e9cialis\u00e9 dans la collaboration avec les contracteurs, mon engagement dans la conception de cuisines sur mesure t\u00e9moigne de ma volont\u00e9 constante de d\u00e9passer les attentes. Mon objectif est de cr\u00e9er des exp\u00e9riences uniques pour chaque projet ! T\u00e9l\u00e9phone : 450-661-5111 Courriel: lea@armodec.com<\/p>\n","protected":false},"author":2,"featured_media":1689,"parent":134,"menu_order":44,"comment_status":"closed","ping_status":"closed","template":"page-templates\/page-team-member.php","meta":{"footnotes":""},"class_list":["post-2680","page","type-page","status-publish","has-post-thumbnail"],"yoast_head":"<!-- This site is optimized with the Yoast SEO plugin v27.1.1 - https:\/\/yoast.com\/product\/yoast-seo-wordpress\/ -->\n<title>Kitchen Designer : Marc L&#039;Archev\u00eaque - Our Team | Armodec<\/title>\n<meta name=\"description\" content=\"Looking for a contractor for your new kitchen? Call Marc L&#039;Archev\u00eaque at Armodec! Benefit from its expertise and know-how that guarantee you a design and functional kitchen. Contact him now!\" \/>\n<meta name=\"robots\" content=\"index, follow, max-snippet:-1, max-image-preview:large, max-video-preview:-1\" \/>\n<link rel=\"canonical\" href=\"https:\/\/www.armodec.com\/en\/kitchen-designer\/lea-larcheveque\/\" \/>\n<meta property=\"og:locale\" content=\"en_US\" \/>\n<meta property=\"og:type\" content=\"article\" \/>\n<meta property=\"og:title\" content=\"Kitchen Designer : Julie Gagnon | Armodec\" \/>\n<meta property=\"og:description\" content=\"Looking for a contractor for your new kitchen? Call Marc L&#039;Archev\u00eaque at Armodec! Benefit from its expertise and know-how that guarantee you a design and functional kitchen. Contact him now!\" \/>\n<meta property=\"og:url\" content=\"https:\/\/www.armodec.com\/en\/kitchen-designer\/lea-larcheveque\/\" \/>\n<meta property=\"og:site_name\" content=\"Armodec\" \/>\n<meta property=\"article:publisher\" content=\"https:\/\/www.facebook.com\/armodec\" \/>\n<meta property=\"article:modified_time\" content=\"2024-02-12T16:16:58+00:00\" \/>\n<meta property=\"og:image\" content=\"https:\/\/www.armodec.com\/wp-content\/uploads\/designer_f01.jpg\" \/>\n\t<meta property=\"og:image:width\" content=\"1800\" \/>\n\t<meta property=\"og:image:height\" content=\"1029\" \/>\n\t<meta property=\"og:image:type\" content=\"image\/jpeg\" \/>\n<meta name=\"twitter:card\" content=\"summary_large_image\" \/>\n<meta name=\"twitter:label1\" content=\"Est. reading time\" \/>\n\t<meta name=\"twitter:data1\" content=\"1 minute\" \/>\n<!-- \/ Yoast SEO plugin. -->","yoast_head_json":{"title":"Kitchen Designer : Marc L'Archev\u00eaque - Our Team | Armodec","description":"Looking for a contractor for your new kitchen? Call Marc L'Archev\u00eaque at Armodec! Benefit from its expertise and know-how that guarantee you a design and functional kitchen. Contact him now!","robots":{"index":"index","follow":"follow","max-snippet":"max-snippet:-1","max-image-preview":"max-image-preview:large","max-video-preview":"max-video-preview:-1"},"canonical":"https:\/\/www.armodec.com\/en\/kitchen-designer\/lea-larcheveque\/","og_locale":"en_US","og_type":"article","og_title":"Kitchen Designer : Julie Gagnon | Armodec","og_description":"Looking for a contractor for your new kitchen? Call Marc L'Archev\u00eaque at Armodec! Benefit from its expertise and know-how that guarantee you a design and functional kitchen. Contact him now!","og_url":"https:\/\/www.armodec.com\/en\/kitchen-designer\/lea-larcheveque\/","og_site_name":"Armodec","article_publisher":"https:\/\/www.facebook.com\/armodec","article_modified_time":"2024-02-12T16:16:58+00:00","og_image":[{"width":1800,"height":1029,"url":"https:\/\/www.armodec.com\/wp-content\/uploads\/designer_f01.jpg","type":"image\/jpeg"}],"twitter_card":"summary_large_image","twitter_misc":{"Est. reading time":"1 minute"},"schema":{"@context":"https:\/\/schema.org","@graph":[{"@type":"WebPage","@id":"https:\/\/www.armodec.com\/en\/kitchen-designer\/lea-larcheveque\/","url":"https:\/\/www.armodec.com\/en\/kitchen-designer\/lea-larcheveque\/","name":"Kitchen Designer : Marc L'Archev\u00eaque - Our Team | Armodec","isPartOf":{"@id":"https:\/\/www.armodec.com\/en\/#website"},"primaryImageOfPage":{"@id":"https:\/\/www.armodec.com\/en\/kitchen-designer\/lea-larcheveque\/#primaryimage"},"image":{"@id":"https:\/\/www.armodec.com\/en\/kitchen-designer\/lea-larcheveque\/#primaryimage"},"thumbnailUrl":"https:\/\/www.armodec.com\/wp-content\/uploads\/designer_f01.jpg","datePublished":"2018-06-06T17:09:09+00:00","dateModified":"2024-02-12T16:16:58+00:00","description":"Looking for a contractor for your new kitchen? Call Marc L'Archev\u00eaque at Armodec! Benefit from its expertise and know-how that guarantee you a design and functional kitchen. Contact him now!","breadcrumb":{"@id":"https:\/\/www.armodec.com\/en\/kitchen-designer\/lea-larcheveque\/#breadcrumb"},"inLanguage":"en-US","potentialAction":[{"@type":"ReadAction","target":["https:\/\/www.armodec.com\/en\/kitchen-designer\/lea-larcheveque\/"]}]},{"@type":"ImageObject","inLanguage":"en-US","@id":"https:\/\/www.armodec.com\/en\/kitchen-designer\/lea-larcheveque\/#primaryimage","url":"https:\/\/www.armodec.com\/wp-content\/uploads\/designer_f01.jpg","contentUrl":"https:\/\/www.armodec.com\/wp-content\/uploads\/designer_f01.jpg","width":1800,"height":1029},{"@type":"BreadcrumbList","@id":"https:\/\/www.armodec.com\/en\/kitchen-designer\/lea-larcheveque\/#breadcrumb","itemListElement":[{"@type":"ListItem","position":1,"name":"Home","item":"https:\/\/www.armodec.com\/en\/accueil-2\/"},{"@type":"ListItem","position":2,"name":"Kitchen designer","item":"https:\/\/www.armodec.com\/en\/kitchen-designer\/"},{"@type":"ListItem","position":3,"name":"L\u00e9a L&#8217;Archev\u00eaque"}]},{"@type":"WebSite","@id":"https:\/\/www.armodec.com\/en\/#website","url":"https:\/\/www.armodec.com\/en\/","name":"Armodec","description":"Chef cuisiniste","potentialAction":[{"@type":"SearchAction","target":{"@type":"EntryPoint","urlTemplate":"https:\/\/www.armodec.com\/en\/?s={search_term_string}"},"query-input":{"@type":"PropertyValueSpecification","valueRequired":true,"valueName":"search_term_string"}}],"inLanguage":"en-US"}]}},"_links":{"self":[{"href":"https:\/\/www.armodec.com\/en\/wp-json\/wp\/v2\/pages\/2680","targetHints":{"allow":["GET"]}}],"collection":[{"href":"https:\/\/www.armodec.com\/en\/wp-json\/wp\/v2\/pages"}],"about":[{"href":"https:\/\/www.armodec.com\/en\/wp-json\/wp\/v2\/types\/page"}],"author":[{"embeddable":true,"href":"https:\/\/www.armodec.com\/en\/wp-json\/wp\/v2\/users\/2"}],"replies":[{"embeddable":true,"href":"https:\/\/www.armodec.com\/en\/wp-json\/wp\/v2\/comments?post=2680"}],"version-history":[{"count":0,"href":"https:\/\/www.armodec.com\/en\/wp-json\/wp\/v2\/pages\/2680\/revisions"}],"up":[{"embeddable":true,"href":"https:\/\/www.armodec.com\/en\/wp-json\/wp\/v2\/pages\/134"}],"wp:featuredmedia":[{"embeddable":true,"href":"https:\/\/www.armodec.com\/en\/wp-json\/wp\/v2\/media\/1689"}],"wp:attachment":[{"href":"https:\/\/www.armodec.com\/en\/wp-json\/wp\/v2\/media?parent=2680"}],"curies":[{"name":"wp","href":"https:\/\/api.w.org\/{rel}","templated":true}]}}